{"id":809,"date":"2022-03-18T10:43:06","date_gmt":"2022-03-18T10:43:06","guid":{"rendered":"https:\/\/dev.mediadome.at\/fischerwirt\/?page_id=809"},"modified":"2022-03-18T10:55:06","modified_gmt":"2022-03-18T10:55:06","slug":"datenschutz","status":"publish","type":"page","link":"https:\/\/fischerdorf.at\/en\/datenschutz\/","title":{"rendered":"Privacy"},"content":{"rendered":"<div data-elementor-type=\"wp-page\" data-elementor-id=\"809\" class=\"elementor elementor-809\" data-elementor-post-type=\"page\">\n\t\t\t\t\t\t<section class=\"elementor-section elementor-top-section elementor-element elementor-element-1ff85959 elementor-section-boxed elementor-section-height-default elementor-section-height-default\" data-id=\"1ff85959\" data-element_type=\"section\" data-settings=\"{&quot;background_background&quot;:&quot;classic&quot;}\">\n\t\t\t\t\t\t<div class=\"elementor-container elementor-column-gap-no\">\n\t\t\t\t\t<div class=\"elementor-column elementor-col-50 elementor-top-column elementor-element elementor-element-5c94db98 elementor-hidden-phone\" data-id=\"5c94db98\" data-element_type=\"column\">\n\t\t\t<div class=\"elementor-widget-wrap\">\n\t\t\t\t\t\t\t<\/div>\n\t\t<\/div>\n\t\t\t\t<div class=\"elementor-column elementor-col-50 elementor-top-column elementor-element elementor-element-1618c0c\" data-id=\"1618c0c\" data-element_type=\"column\" data-settings=\"{&quot;background_background&quot;:&quot;classic&quot;}\">\n\t\t\t<div class=\"elementor-widget-wrap elementor-element-populated\">\n\t\t\t\t\t\t<div class=\"elementor-element elementor-element-50e18c9f elementor-invisible elementor-widget elementor-widget-heading\" data-id=\"50e18c9f\" data-element_type=\"widget\" data-settings=\"{&quot;_animation&quot;:&quot;fadeIn&quot;}\" data-widget_type=\"heading.default\">\n\t\t\t\t<div class=\"elementor-widget-container\">\n\t\t\t<style>\/*! elementor - v3.20.0 - 13-03-2024 *\/\n.elementor-heading-title{padding:0;margin:0;line-height:1}.elementor-widget-heading .elementor-heading-title[class*=elementor-size-]>a{color:inherit;font-size:inherit;line-height:inherit}.elementor-widget-heading .elementor-heading-title.elementor-size-small{font-size:15px}.elementor-widget-heading .elementor-heading-title.elementor-size-medium{font-size:19px}.elementor-widget-heading .elementor-heading-title.elementor-size-large{font-size:29px}.elementor-widget-heading .elementor-heading-title.elementor-size-xl{font-size:39px}.elementor-widget-heading .elementor-heading-title.elementor-size-xxl{font-size:59px}<\/style><h1 class=\"elementor-heading-title elementor-size-default\">Privacy<\/h1>\t\t<\/div>\n\t\t\t\t<\/div>\n\t\t\t\t<div class=\"elementor-element elementor-element-4374c984 elementor-invisible elementor-widget elementor-widget-text-editor\" data-id=\"4374c984\" data-element_type=\"widget\" data-settings=\"{&quot;_animation&quot;:&quot;fadeIn&quot;,&quot;_animation_delay&quot;:100}\" data-widget_type=\"text-editor.default\">\n\t\t\t\t<div class=\"elementor-widget-container\">\n\t\t\t<style>\/*! elementor - v3.20.0 - 13-03-2024 *\/\n.elementor-widget-text-editor.elementor-drop-cap-view-stacked .elementor-drop-cap{background-color:#69727d;color:#fff}.elementor-widget-text-editor.elementor-drop-cap-view-framed .elementor-drop-cap{color:#69727d;border:3px solid;background-color:transparent}.elementor-widget-text-editor:not(.elementor-drop-cap-view-default) .elementor-drop-cap{margin-top:8px}.elementor-widget-text-editor:not(.elementor-drop-cap-view-default) .elementor-drop-cap-letter{width:1em;height:1em}.elementor-widget-text-editor .elementor-drop-cap{float:left;text-align:center;line-height:1;font-size:50px}.elementor-widget-text-editor .elementor-drop-cap-letter{display:inline-block}<\/style>\t\t\t\t<p>Der Schutz Ihrer Privatsph\u00e4re bei der Verarbeitung pers\u00f6nlicher Daten ist f\u00fcr uns ein wichtiges Anliegen. Wir verarbeiten Ihre Daten ausschlie\u00dflich auf Grundlage der gesetzlichen Bestimmungen (DSGVO, TKG 2003)<\/p>\t\t\t\t\t\t<\/div>\n\t\t\t\t<\/div>\n\t\t\t\t\t<\/div>\n\t\t<\/div>\n\t\t\t\t\t<\/div>\n\t\t<\/section>\n\t\t\t\t<section class=\"elementor-section elementor-top-section elementor-element elementor-element-7a6c9797 elementor-section-full_width elementor-section-height-default elementor-section-height-default\" data-id=\"7a6c9797\" data-element_type=\"section\" data-settings=\"{&quot;background_background&quot;:&quot;classic&quot;}\">\n\t\t\t\t\t\t<div class=\"elementor-container elementor-column-gap-no\">\n\t\t\t\t\t<div class=\"elementor-column elementor-col-100 elementor-top-column elementor-element elementor-element-179ec7bd\" data-id=\"179ec7bd\" data-element_type=\"column\">\n\t\t\t<div class=\"elementor-widget-wrap elementor-element-populated\">\n\t\t\t\t\t\t<section class=\"elementor-section elementor-inner-section elementor-element elementor-element-46ccef3d elementor-section-boxed elementor-section-height-default elementor-section-height-default\" data-id=\"46ccef3d\" data-element_type=\"section\">\n\t\t\t\t\t\t<div class=\"elementor-container elementor-column-gap-no\">\n\t\t\t\t\t<div class=\"elementor-column elementor-col-100 elementor-inner-column elementor-element elementor-element-11196010\" data-id=\"11196010\" data-element_type=\"column\">\n\t\t\t<div class=\"elementor-widget-wrap elementor-element-populated\">\n\t\t\t\t\t\t<div class=\"elementor-element elementor-element-676b5946 elementor-invisible elementor-widget elementor-widget-heading\" data-id=\"676b5946\" data-element_type=\"widget\" data-settings=\"{&quot;_animation&quot;:&quot;fadeIn&quot;}\" data-widget_type=\"heading.default\">\n\t\t\t\t<div class=\"elementor-widget-container\">\n\t\t\t<h5 class=\"elementor-heading-title elementor-size-default\">RECHTLICHES<\/h5>\t\t<\/div>\n\t\t\t\t<\/div>\n\t\t\t\t<div class=\"elementor-element elementor-element-48158f93 elementor-invisible elementor-widget elementor-widget-heading\" data-id=\"48158f93\" data-element_type=\"widget\" data-settings=\"{&quot;_animation&quot;:&quot;fadeIn&quot;,&quot;_animation_delay&quot;:100}\" data-widget_type=\"heading.default\">\n\t\t\t\t<div class=\"elementor-widget-container\">\n\t\t\t<h2 class=\"elementor-heading-title elementor-size-default\">Privacy<\/h2>\t\t<\/div>\n\t\t\t\t<\/div>\n\t\t\t\t\t<\/div>\n\t\t<\/div>\n\t\t\t\t\t<\/div>\n\t\t<\/section>\n\t\t\t\t<section class=\"elementor-section elementor-inner-section elementor-element elementor-element-4c900751 elementor-section-boxed elementor-section-height-default elementor-section-height-default\" data-id=\"4c900751\" data-element_type=\"section\">\n\t\t\t\t\t\t<div class=\"elementor-container elementor-column-gap-no\">\n\t\t\t\t\t<div class=\"elementor-column elementor-col-100 elementor-inner-column elementor-element elementor-element-dddb441\" data-id=\"dddb441\" data-element_type=\"column\">\n\t\t\t<div class=\"elementor-widget-wrap elementor-element-populated\">\n\t\t\t\t\t\t<div class=\"elementor-element elementor-element-3264830 elementor-widget elementor-widget-text-editor\" data-id=\"3264830\" data-element_type=\"widget\" data-widget_type=\"text-editor.default\">\n\t\t\t\t<div class=\"elementor-widget-container\">\n\t\t\t\t\t\t\t<p>Besuch unserer Webseite<\/p><p>Wenn Sie unsere Webseite besuchen, speichern und verarbeiten unsere Webserver tempor\u00e4r folgende Daten:<\/p><p>IP-Adresse des anfragenden Rechners<br \/>Datum und Uhrzeit des Zugriffs<br \/>Name und URL der abgerufenen Datei<br \/>\u00dcbertragene Datenmenge<br \/>Meldung, ob der Abruf erfolgreich war (HTTP Statuscode)<br \/>Erkennungsdaten des verwendeten Browser- und Betriebsystems<br \/>Webseite, von der aus der Zugriff erfolgt]<br \/>Diese Daten k\u00f6nnen wir Ihrer Person nicht zuordnen. Die Rechtsgrundlage f\u00fcr die Speicherung dieser Daten ist unser berechtigtes Interesse, da diese insbesondere der Systemsicherheit dienen (Art 6 Abs 1 lit f DSG-VO).<\/p><p>Die Verarbeitung der erfassten Daten erfolgt zum Zweck, die Nutzung der Webseite zu erm\u00f6glichen (Verbindungsaufbau), der Systemsicherheit, der technischen Administration der Netzinfrastruktur sowie zum Zweck anonymisierter, statistischer Auswertung der Nutzung und zur Optimierung unseres Internetangebots. In diesem Zusammenhang weisen wir darauf hin, dass eine Auswertung der IP-Adresse nur bei Angriffen auf unsere Netzinfrastruktur erfolgt.<\/p><p>Daten, die beim Zugriff auf unser Online-Angebot gespeichert worden sind, werden ohne Ihre Einwilligung an Dritte nur \u00fcbermittelt, soweit wir gesetzlich oder durch Gerichtsentscheidung dazu verpflichtet sind oder die Weitergabe im Falle von Angriffen auf unsere Internetinfrastruktur zur Rechts- oder Strafverfolgung erforderlich ist. Eine Weitergabe zu anderen nichtkommerziellen oder zu kommerziellen Zwecken erfolgt nicht.<\/p><p>Kontakt mit uns<\/p><p>Wenn Sie per Formular auf der Website oder per E-Mail Kontakt mit uns aufnehmen, werden Ihre angegebenen Daten zwecks Bearbeitung der Anfrage und f\u00fcr den Fall von Anschlussfragen bei uns gespeichert. Diese Daten geben wir nicht ohne Ihre Einwilligung an Dritte weiter.<\/p><p>Cookies<\/p><p>Unsere Website verwendet so genannte Cookies. Dabei handelt es sich um kleine Textdateien, die mit Hilfe des Browsers auf Ihrem Endger\u00e4t abgelegt werden. Sie richten keinen Schaden an.<br \/>Wir nutzen Cookies dazu, unser Angebot nutzerfreundlich zu gestalten. Einige Cookies bleiben auf Ihrem Endger\u00e4t gespeichert, bis Sie diese l\u00f6schen. Sie erm\u00f6glichen es uns, Ihren Browser beim n\u00e4chsten Besuch wiederzuerkennen. Wenn Sie dies nicht w\u00fcnschen, so k\u00f6nnen Sie Ihren Browser so einrichten, dass er Sie \u00fcber das Setzen von Cookies informiert und Sie dies nur im Einzelfall erlauben.<br \/>Bei der Deaktivierung von Cookies kann die Funktionalit\u00e4t unserer Website eingeschr\u00e4nkt sein.<\/p><p><u>Google Analytics<\/u><\/p><p>Wir setzen Google Analytics, einen Webanalysedienst der Google Inc. (\u201eGoogle\u201c) ein. Google verwendet Cookies. Die durch das Cookie erzeugten Informationen \u00fcber die Benutzung des Onlineangebotes durch die Nutzer werden in der Regel an einen Server von Google in den USA \u00fcbertragen und dort gespeichert.<\/p><p>Google wird diese Informationen in unserem Auftrag benutzen, um die Nutzung unseres Onlineangebotes durch die Nutzer auszuwerten, um Reports \u00fcber die Aktivit\u00e4ten innerhalb dieses Onlineangebotes zusammenzustellen und um weitere mit der Nutzung dieses Onlineangebotes und der Internetnutzung verbundene Dienstleistungen uns gegen\u00fcber zu erbringen. Dabei k\u00f6nnen aus den verarbeiteten Daten pseudonyme Nutzungsprofile der Nutzer erstellt werden.<\/p><p>Wir setzen Google Analytics nur mit aktivierter IP-Anonymisierung ein. Das bedeutet, die IP-Adresse der Nutzer wird von Google innerhalb von Mitgliedstaaten der Europ\u00e4ischen Union oder in anderen Vertragsstaaten des Abkommens \u00fcber den Europ\u00e4ischen Wirtschaftsraum gek\u00fcrzt. Nur in Ausnahmef\u00e4llen wird die volle IP-Adresse an einen Server von Google in den USA \u00fcbertragen und dort gek\u00fcrzt. Die von dem Browser des Nutzers \u00fcbermittelte IP-Adresse wird nicht mit anderen Daten von Google zusammengef\u00fchrt.<\/p><p>Die Nutzer k\u00f6nnen die Speicherung der Cookies durch eine entsprechende Einstellung ihrer Browser-Software verhindern; die Nutzer k\u00f6nnen dar\u00fcber hinaus die Erfassung der durch das Cookie erzeugten und auf ihre Nutzung des Onlineangebotes bezogenen Daten an Google sowie die Verarbeitung dieser Daten durch Google verhindern, indem sie das unter dem folgenden Link verf\u00fcgbare Browser-Plugin herunterladen und installieren: http:\/\/tools.google.com\/dlpage\/gaoptout?hl=de.<\/p><p>Weitere Informationen zur Datennutzung durch Google, Einstellungs- und Widerspruchsm\u00f6glichkeiten erfahren Sie auf den Webseiten von Google: https:\/\/www.google.com\/intl\/de\/policies\/privacy\/partners\/ (\u201eDatennutzung durch Google bei Ihrer Nutzung von Websites oder Apps unserer Partner\u201c).<\/p><p><u>Eingebettete Social Media Elemente Datenschutzerkl\u00e4rung<\/u><\/p><p>Wir binden auf unserer Webseite Elemente von Social Media Diensten ein um Bilder, Videos und Texte anzuzeigen.<br \/>Durch den Besuch von Seiten die diese Elemente darstellen, werden Daten von Ihrem Browser zum jeweiligen Social Media Dienst \u00fcbertragen und dort gespeichert. Wir haben keinen Zugriff auf diese Daten.<br \/>Die folgenden Links f\u00fchren Sie zu den Seiten der jeweiligen Social Media Dienste wo erkl\u00e4rt wird, wie diese mit Ihren Daten umgehen:<\/p><p>Instagram-Datenschutzrichtlinie:\u00a0https:\/\/help.instagram.com\/519522125107875<br \/>F\u00fcr YouTube gilt die Google Datenschutzerkl\u00e4rung:\u00a0https:\/\/policies.google.com\/privacy?hl=de<br \/>Facebook-Datenrichtline:\u00a0https:\/\/www.facebook.com\/about\/privacy<\/p><p><u>Facebook Datenschutzerkl\u00e4rung<\/u><\/p><p>Wir verwenden auf dieser Webseite Funktionen von Facebook, einem Social Media Network der FIrma Facebook Ireland Ltd., 4 Grand Canal Square, Grand Canal Harbour, Dublin 2 Ireland.<br \/>Welche Funktionen (Soziale Plug-ins) Facebook bereitstellt, k\u00f6nnen Sie auf\u00a0https:\/\/developers.facebook.com\/docs\/plugins\/\u00a0nachlesen.<br \/>Durch den Besuch unserer Webseite k\u00f6nnen Informationen an Facebook \u00fcbermittelt werden. Wenn Sie \u00fcber ein Facebook-Konto verf\u00fcgen, kann Facebook diese Daten Ihrem pers\u00f6nlichen Konto zuordnen. Sollten Sie das nicht w\u00fcnschen, melden Sie sich bitte von Facebook ab.<br \/>Die Datenschutzrichtlinien, welche Informationen Facebook sammelt und wie sie diese verwenden finden Sie auf\u00a0https:\/\/www.facebook.com\/policy.php.<\/p><p><u>Facebook-Pixel Datenschutzerkl\u00e4rung<\/u><\/p><p>Wir verwenden auf dieser Webseite das Facebook Pixel von Facebook, einem Social Media Network der Firma Facebook Ireland Ltd., 4 Grand Canal Square, Grand Canal Harbour, Dublin 2 Ireland.<\/p><p>Der auf dieser Seite implementierte Code kann das Verhalten der Besucher auswerten, welche von einer Facebook-Werbung auf diese Webseite gelangt sind. Dies kann zur Verbesserung von Facebook-Werbeanzeigen genutzt werden und diese Daten werden von Facebook erfasst und gespeichert. Die erfassten Daten sind f\u00fcr uns nicht einsehbar sondern nur im Rahmen von Werbeanzeigenschaltungen nutzbar. Durch den Einsatz des Facebook-Pixel-Codes werden auch Cookies gesetzt.<\/p><p>Durch die Nutzung des Facebook-Pixels wird der Besuch dieser Webseite Facebook mitgeteilt, damit Besucher auf Facebook passende Anzeigen zu sehen bekommen. Wenn Sie ein Facebook-Konto besitzen und angemeldet sind, wird der Besuch dieser Webseite Ihrem Facebook-Benutzerkonto zugeordnet.<\/p><p>Wie das Facebook-Pixel f\u00fcr Werbekampagnen genutzt wird, erfahren Sie auf\u00a0https:\/\/www.facebook.com\/business\/learn\/facebook-ads-pixel.<\/p><p>Sie k\u00f6nnen Ihre Einstellungen f\u00fcr Werbeanzeigen in Facebook auf\u00a0https:\/\/www.facebook.com\/ads\/preferences\/?entry_product=ad_settings_screen\u00a0ver\u00e4ndern, sofern Sie in Facebook angemeldet sind. Auf\u00a0http:\/\/www.youronlinechoices.com\/de\/praferenzmanagement\/ k\u00f6nnen Sie\u00a0Ihre Pr\u00e4ferenzen hinsichtlich nutzungsbasierter Online-Werbung verwalten.\u00a0Sie k\u00f6nnen dort viele Anbieter auf einmal deaktivieren oder aktivieren oder die Einstellungen f\u00fcr einzelne Anbieter vornehmen.<\/p><p>Mehr Informationen zur Datenrichtlinie von Facebook finden Sie auf https:\/\/www.facebook.com\/policy.php.\u00a0<\/p><p>Hotjar<\/p><p>Unser Anliegen im Sinne der DSGVO (berechtigtes Interesse) ist die Verbesserung unseres Angebotes und unseres Webauftritts. Daher nutzen wir Hotjar, um die Bed\u00fcrfnisse unserer Nutzer besser zu verstehen und das Angebot auf dieser Webseite zu optimieren. Mithilfe der Technologie von Hotjar bekommen wir eine besseres Verst\u00e4ndnis von den Erfahrungen unserer Nutzer (z.B. wieviel Zeit Nutzer auf welchen Seiten verbringen, welche Links sie anklicken, was sie m\u00f6gen und was nicht etc.) und das hilft uns, unser Angebot am Feedback unserer Nutzer auszurichten. Hotjar arbeitet mit Cookies (s.o.) und anderen echnologien, um Informationen \u00fcber das Verhalten unserer Nutzer und \u00fcber ihre Endger\u00e4te zu sammeln (insbesondere IP-Adresse des Ger\u00e4ts (wird nur in anonymisierter Form erfasst und gespeichert), Bildschirmgr\u00f6\u00dfe, Ger\u00e4tetyp (Unique Device Identifiers), Informationen \u00fcber den verwendeten Browser, Standort (nur Land), zum Anzeigen unserer Webseite bevorzugte Sprache). Hotjar speichert diese Informationen in einem pseudonymisierten Nutzerprofil. Die Informationen werden weder von Hotjar noch von uns zur Identifizierung einzelner Nutzer verwendet oder mit weiteren Daten \u00fcber einzelne Nutzer zusammengef\u00fchrt. Weitere Informationen finden Sie in Hotjars Datenschutzerkl\u00e4rung:\u00a0<a href=\"https:\/\/www.hotjar.com\/legal\/policies\/privacy\" target=\"_blank\" rel=\"noopener\">https:\/\/www.hotjar.com\/legal\/policies\/privacy<\/a>.<\/p><p><u>Ihre Rechte<\/u><\/p><p>Ihnen stehen bez\u00fcglich Ihrer bei uns gespeicherten Daten grunds\u00e4tzlich die Rechte auf Auskunft, Berichtigung, L\u00f6schung, Einschr\u00e4nkung, Daten\u00fcbertragbarkeit, Widerruf und Widerspruch zu. Wenn Sie glauben, dass die Verarbeitung Ihrer Daten gegen das Datenschutzrecht verst\u00f6\u00dft oder Ihre datenschutzrechtlichen Anspr\u00fcche sonst in einer Weise verletzt worden sind, k\u00f6nnen Sie sich unter <a href=\"mailto:office@mediadome.at\">office@mediadome.at <\/a>oder der Datenschutzbeh\u00f6rde beschweren.<\/p><p><u>Sie erreichen uns unter folgenden Kontaktdaten:<\/u><\/p><p>Fischerwirt Zeutschach<br \/>Herbert K\u00f6lbl<br \/>Zeutschach 38<br \/>8820 Neumarkt i. d. Stmk.<br \/>info@fischerdorf.at<br \/><a href=\"tel:  43 3584 40810\">+43 3584 23 39<\/a><\/p>\t\t\t\t\t\t<\/div>\n\t\t\t\t<\/div>\n\t\t\t\t\t<\/div>\n\t\t<\/div>\n\t\t\t\t\t<\/div>\n\t\t<\/section>\n\t\t\t\t\t<\/div>\n\t\t<\/div>\n\t\t\t\t\t<\/div>\n\t\t<\/section>\n\t\t\t\t<\/div>","protected":false},"excerpt":{"rendered":"<p>Datenschutz Der Schutz Ihrer Privatsph\u00e4re bei der Verarbeitung pers\u00f6nlicher Daten ist f\u00fcr uns ein wichtiges Anliegen. Wir verarbeiten Ihre Daten ausschlie\u00dflich auf Grundlage der gesetzlichen Bestimmungen (DSGVO, TKG 2003) RECHTLICHES Datenschutz Besuch unserer Webseite Wenn Sie unsere Webseite besuchen, speichern und verarbeiten unsere Webserver tempor\u00e4r folgende Daten: IP-Adresse des anfragenden RechnersDatum und Uhrzeit des ZugriffsName [&hellip;]<\/p>","protected":false},"author":1,"featured_media":0,"parent":0,"menu_order":0,"comment_status":"closed","ping_status":"closed","template":"","meta":{"_monsterinsights_skip_tracking":false,"_monsterinsights_sitenote_active":false,"_monsterinsights_sitenote_note":"","_monsterinsights_sitenote_category":0,"footnotes":""},"class_list":["post-809","page","type-page","status-publish","hentry"],"publishpress_future_action":{"enabled":false,"date":"2026-04-16 10:38:40","action":"draft","terms":[],"taxonomy":""},"_links":{"self":[{"href":"https:\/\/fischerdorf.at\/en\/wp-json\/wp\/v2\/pages\/809","targetHints":{"allow":["GET"]}}],"collection":[{"href":"https:\/\/fischerdorf.at\/en\/wp-json\/wp\/v2\/pages"}],"about":[{"href":"https:\/\/fischerdorf.at\/en\/wp-json\/wp\/v2\/types\/page"}],"author":[{"embeddable":true,"href":"https:\/\/fischerdorf.at\/en\/wp-json\/wp\/v2\/users\/1"}],"replies":[{"embeddable":true,"href":"https:\/\/fischerdorf.at\/en\/wp-json\/wp\/v2\/comments?post=809"}],"version-history":[{"count":7,"href":"https:\/\/fischerdorf.at\/en\/wp-json\/wp\/v2\/pages\/809\/revisions"}],"predecessor-version":[{"id":831,"href":"https:\/\/fischerdorf.at\/en\/wp-json\/wp\/v2\/pages\/809\/revisions\/831"}],"wp:attachment":[{"href":"https:\/\/fischerdorf.at\/en\/wp-json\/wp\/v2\/media?parent=809"}],"curies":[{"name":"wp","href":"https:\/\/api.w.org\/{rel}","templated":true}]}}